{"id":6045,"date":"2025-10-16T11:45:42","date_gmt":"2025-10-16T08:45:42","guid":{"rendered":"http:\/\/www.ayazkitap.com\/kitap\/ilahi-kus-lokman-batuhan-kurtyemez"},"modified":"2025-10-16T11:45:43","modified_gmt":"2025-10-16T08:45:43","slug":"ilahi-kus-lokman-batuhan-kurtyemez","status":"publish","type":"product","link":"https:\/\/www.ayazkitap.com\/en\/kitap\/ilahi-kus-lokman-batuhan-kurtyemez","title":{"rendered":"\u0130lahi Ku\u015f &#8211; Lokman Batuhan Kurtyemez"},"content":{"rendered":"<p>Sevgili dostum. Bu eser \u00e7a\u011f\u0131m\u0131z\u0131n en b\u00fcy\u00fck ba\u011f\u0131ml\u0131l\u0131klar\u0131ndan birisi olan \u201cEkran Ba\u011f\u0131ml\u0131l\u0131\u011f\u0131\u201d konusunda u\u011fruna can\u0131m\u0131z\u0131 verebilece\u011fimiz \u00e7ocuklar\u0131m\u0131zda ve ebeveynlerimizde fark\u0131ndal\u0131k yaratmak amac\u0131yla haz\u0131rlanm\u0131\u015ft\u0131r. Fark\u0131nda m\u0131s\u0131n\u0131z? Herkesten ve her \u015feyden daha fazla ekranlar ile vakit ge\u00e7iriyor insano\u011flu. Mutlulu\u011fu yeni ak\u0131mlarda ve uygulamalarda ar\u0131yor. D\u00fc\u015f\u00fcnme yetisini ve isteklerini ekranda ne pazarlan\u0131rsa ondan yana kullan\u0131yor. Aile yap\u0131lar\u0131 bozuluyor. Sayg\u0131s\u0131n\u0131 ve \u015f\u00fckr\u00fcn\u00fc kaybediyor. Fark\u0131ndal\u0131\u011f\u0131n\u0131 kaybediyor. Mutsuz bir topluluk haline geldik. \u00c7\u00fcnk\u00fc elimizden maneviyat\u0131m\u0131z\u0131 al\u0131yorlar. Benlik bilincimize sald\u0131r\u0131yorlar. Sen de\u011ferli dostum! \u015euan bu kitab\u0131 eline alman tesad\u00fcf de\u011fil. \u015euan kaderinden bir an ya\u015f\u0131yorsun. \u015euandan geriye kalan ise senin elinde olan kaderin; tercihlerin. Sende \u00e7ok de\u011ferli bir hazine var. Bunu bildikleri i\u00e7in sald\u0131r\u0131yorlar, bunun i\u00e7in sen fark\u0131na varmadan \u00f6nce elinden almaya \u00e7al\u0131\u015f\u0131yorlar. Senin sahip oldu\u011fun hazinenin onlar\u0131n hepsini yenmeye yetecek g\u00fc\u00e7te oldu\u011funu biliyorlar. Sence de d\u00fcnyaya sadece \u015fuana kadar yapt\u0131klar\u0131m\u0131z\u0131 yapmak i\u00e7in mi geldik? Yoksa ba\u015fka ilahi bir amac\u0131m\u0131z ve fark\u0131nda olmad\u0131\u011f\u0131m\u0131z \u00f6zelliklerimiz olabilir mi? Uyan sevgili karde\u015fim. Sen uyan ki herkes uyans\u0131n.<\/p>","protected":false},"excerpt":{"rendered":"<p>Sevgili dostum. Bu eser \u00e7a\u011f\u0131m\u0131z\u0131n en b\u00fcy\u00fck ba\u011f\u0131ml\u0131l\u0131klar\u0131ndan birisi olan \u201cEkran Ba\u011f\u0131ml\u0131l\u0131\u011f\u0131\u201d konusunda u\u011fruna can\u0131m\u0131z\u0131 verebilece\u011fimiz \u00e7ocuklar\u0131m\u0131zda ve ebeveynlerimizde fark\u0131ndal\u0131k yaratmak amac\u0131yla haz\u0131rlanm\u0131\u015ft\u0131r. Fark\u0131nda m\u0131s\u0131n\u0131z? Herkesten ve her \u015feyden daha fazla ekranlar ile vakit ge\u00e7iriyor insano\u011flu. Mutlulu\u011fu yeni ak\u0131mlarda ve uygulamalarda ar\u0131yor. D\u00fc\u015f\u00fcnme yetisini ve isteklerini ekranda ne pazarlan\u0131rsa ondan yana kullan\u0131yor. Aile yap\u0131lar\u0131 bozuluyor. [&hellip;]<\/p>\n","protected":false},"featured_media":4516,"comment_status":"closed","ping_status":"open","template":"","meta":{"inline_featured_image":false},"product_cat":[386],"product_tag":[],"class_list":{"0":"post-6045","1":"product","2":"type-product","3":"status-publish","4":"has-post-thumbnail","6":"product_cat-cocuk-kitaplari","7":"pa_boyut-135-x-195-cm","8":"pa_dil-turkce","9":"pa_sayfa-sayisi-888","10":"pa_yayin-tarihi-2-2-2024","11":"pa_yazar-lokman-batuhan-kurtyemez","13":"first","14":"instock","15":"sale","16":"purchasable","17":"product-type-simple"},"_links":{"self":[{"href":"https:\/\/www.ayazkitap.com\/en\/wp-json\/wp\/v2\/product\/6045","targetHints":{"allow":["GET"]}}],"collection":[{"href":"https:\/\/www.ayazkitap.com\/en\/wp-json\/wp\/v2\/product"}],"about":[{"href":"https:\/\/www.ayazkitap.com\/en\/wp-json\/wp\/v2\/types\/product"}],"replies":[{"embeddable":true,"href":"https:\/\/www.ayazkitap.com\/en\/wp-json\/wp\/v2\/comments?post=6045"}],"wp:featuredmedia":[{"embeddable":true,"href":"https:\/\/www.ayazkitap.com\/en\/wp-json\/wp\/v2\/media\/4516"}],"wp:attachment":[{"href":"https:\/\/www.ayazkitap.com\/en\/wp-json\/wp\/v2\/media?parent=6045"}],"wp:term":[{"taxonomy":"product_cat","embeddable":true,"href":"https:\/\/www.ayazkitap.com\/en\/wp-json\/wp\/v2\/product_cat?post=6045"},{"taxonomy":"product_tag","embeddable":true,"href":"https:\/\/www.ayazkitap.com\/en\/wp-json\/wp\/v2\/product_tag?post=6045"}],"curies":[{"name":"wp","href":"https:\/\/api.w.org\/{rel}","templated":true}]}}